{"id":304,"date":"2024-06-26T13:39:37","date_gmt":"2024-06-26T17:39:37","guid":{"rendered":"http:\/\/notairelarose.com\/?page_id=304"},"modified":"2026-01-08T19:00:29","modified_gmt":"2026-01-08T23:00:29","slug":"accueil","status":"publish","type":"page","link":"https:\/\/notairelarose.com\/","title":{"rendered":"Accueil"},"content":{"rendered":"<h1>Jeanne Larose, notaire\u00a0 en droit des personnes et des successions<\/h1>\n<section>\n<div class=\"col_50 col_left\">\n<p><img decoding=\"async\" class=\"size-full\" src=\"http:\/\/notairelarose.com\/wp-content\/uploads\/2024\/06\/221218-Jeanne.jpg\" alt=\"Jeanne Larose\" \/><\/p>\n<\/div>\n<div class=\"col_50\">\n<p>Fond\u00e9e en 1984 par le notaire St\u00e9phane Larose, notre \u00e9tude se distingue par son approche humaine et son service personnalis\u00e9. Nous accompagnons les familles de Montr\u00e9al dans leurs grands moments de vie sur plusieurs g\u00e9n\u00e9rations.<\/p>\n<p>En janvier 2020,\u00a0 la notaire Jeanne Larose, fille de Ma\u00eetre St\u00e9phane Larose, s\u2019est jointe \u00e0 l\u2019\u00e9tude pour pratiquer principalement en droit de la personne, et prend aujourd&rsquo;hui la rel\u00e8ve de l&rsquo;\u00e9tude.<\/p>\n<p>Nous offrons principalement les services suivants:<\/p>\n<ul>\n<li>Droit des successions<\/li>\n<li>Testaments et mandats de protection<\/li>\n<li>Procurations<\/li>\n<li>Tutelles et repr\u00e9sentation des personnes vuln\u00e9rables<\/li>\n<li>Proc\u00e9dures non contentieuses<\/li>\n<li>C\u00e9l\u00e9bration de mariage<\/li>\n<li>Droit matrimonial et de la famille<\/li>\n<\/ul>\n<p>Nous sommes situ\u00e9s au centre-ville de Montr\u00e9al :<\/p>\n<p>2000 avenue McGill College, bureau 1600, Montr\u00e9al, Qu\u00e9bec, H3A 3H3<\/p>\n<\/div>\n<\/section>\n<section>\n<div class=\"col_center\">\n<div class=\"box\">\n<h3>Communiquer avec Ma\u00eetre Jeanne Larose pour vos besoins juridiques<\/h3>\n\n<div class=\"wpcf7 no-js\" id=\"wpcf7-f392-o1\" lang=\"fr-CA\" dir=\"ltr\" data-wpcf7-id=\"392\">\n<div class=\"screen-reader-response\"><p role=\"status\" aria-live=\"polite\" aria-atomic=\"true\"><\/p> <ul><\/ul><\/div>\n<form action=\"\/index.php\/wp-json\/wp\/v2\/pages\/304#wpcf7-f392-o1\" method=\"post\" class=\"wpcf7-form init\" aria-label=\"Contact form\" novalidate=\"novalidate\" data-status=\"init\">\n<fieldset class=\"hidden-fields-container\"><input type=\"hidden\" name=\"_wpcf7\" value=\"392\" \/><input type=\"hidden\" name=\"_wpcf7_version\" value=\"6.1.4\" \/><input type=\"hidden\" name=\"_wpcf7_locale\" value=\"fr_CA\" \/><input type=\"hidden\" name=\"_wpcf7_unit_tag\" value=\"wpcf7-f392-o1\" \/><input type=\"hidden\" name=\"_wpcf7_container_post\" value=\"0\" \/><input type=\"hidden\" name=\"_wpcf7_posted_data_hash\" value=\"\" \/>\n<\/fieldset>\n<p><label> Votre nom<br \/>\n<span class=\"wpcf7-form-control-wrap\" data-name=\"your-name\"><input size=\"40\" maxlength=\"400\" class=\"wpcf7-form-control wpcf7-text wpcf7-validates-as-required\" autocomplete=\"name\" aria-required=\"true\" aria-invalid=\"false\" value=\"\" type=\"text\" name=\"your-name\" \/><\/span> <\/label>\n<\/p>\n<p><label> Votre adresse courriel<br \/>\n<span class=\"wpcf7-form-control-wrap\" data-name=\"your-email\"><input size=\"40\" maxlength=\"400\" class=\"wpcf7-form-control wpcf7-email wpcf7-validates-as-required wpcf7-text wpcf7-validates-as-email\" autocomplete=\"email\" aria-required=\"true\" aria-invalid=\"false\" value=\"\" type=\"email\" name=\"your-email\" \/><\/span> <\/label>\n<\/p>\n<p><label> T\u00e9l\u00e9phone<br \/>\n<span class=\"wpcf7-form-control-wrap\" data-name=\"phone\"><input size=\"40\" maxlength=\"400\" class=\"wpcf7-form-control wpcf7-text wpcf7-validates-as-required\" aria-required=\"true\" aria-invalid=\"false\" value=\"\" type=\"text\" name=\"phone\" \/><\/span> <\/label>\n<\/p>\n<p><label> Sujet<br \/>\n<span class=\"wpcf7-form-control-wrap\" data-name=\"your-subject\"><input size=\"40\" maxlength=\"400\" class=\"wpcf7-form-control wpcf7-text wpcf7-validates-as-required\" aria-required=\"true\" aria-invalid=\"false\" value=\"\" type=\"text\" name=\"your-subject\" \/><\/span> <\/label>\n<\/p>\n<p><label> Votre message<br \/>\n<span class=\"wpcf7-form-control-wrap\" data-name=\"your-message\"><textarea cols=\"40\" rows=\"10\" maxlength=\"2000\" class=\"wpcf7-form-control wpcf7-textarea wpcf7-validates-as-required\" aria-required=\"true\" aria-invalid=\"false\" name=\"your-message\"><\/textarea><\/span> <\/label>\n<\/p>\n<p><input class=\"wpcf7-form-control wpcf7-submit has-spinner\" type=\"submit\" value=\"Envoyer\" \/>\n<\/p><div class=\"wpcf7-response-output\" aria-hidden=\"true\"><\/div>\n<\/form>\n<\/div>\n\n<\/div>\n<\/div>\n<\/section>\n","protected":false},"excerpt":{"rendered":"<p>Jeanne Larose, notaire\u00a0 en droit des personnes et des successions Fond\u00e9e en 1984 par le notaire St\u00e9phane Larose, notre \u00e9tude se distingue par son approche humaine et son service personnalis\u00e9. Nous accompagnons les familles de Montr\u00e9al dans leurs grands moments de vie sur plusieurs g\u00e9n\u00e9rations. En janvier 2020,\u00a0 la notaire Jeanne Larose, fille de Ma\u00eetre &hellip; <\/p>\n<p class=\"link-more\"><a href=\"https:\/\/notairelarose.com\/\" class=\"more-link\">Continuer la lecture<span class=\"screen-reader-text\"> de &laquo; Accueil &raquo;<\/span><\/a><\/p>\n","protected":false},"author":2,"featured_media":0,"parent":0,"menu_order":0,"comment_status":"closed","ping_status":"closed","template":"","meta":{"footnotes":""},"class_list":["post-304","page","type-page","status-publish","hentry"],"yoast_head":"<!-- This site is optimized with the Yoast SEO plugin v26.8 - https:\/\/yoast.com\/product\/yoast-seo-wordpress\/ -->\n<title>Jeanne Larose, notaire\u00a0 en droit des personnes et des successions<\/title>\n<meta name=\"description\" content=\"Fond\u00e9e en 1984, notre \u00e9tude se distingue par son approche humaine afin de bien vous accompagner lors des grands moments de votre vie.\" \/>\n<meta name=\"robots\" content=\"index, follow, max-snippet:-1, max-image-preview:large, max-video-preview:-1\" \/>\n<link rel=\"canonical\" href=\"https:\/\/notairelarose.com\/\" \/>\n<meta property=\"og:locale\" content=\"fr_CA\" \/>\n<meta property=\"og:type\" content=\"article\" \/>\n<meta property=\"og:title\" content=\"Jeanne Larose, notaire\u00a0 en droit des personnes et des successions\" \/>\n<meta property=\"og:description\" content=\"Fond\u00e9e en 1984, notre \u00e9tude se distingue par son approche humaine afin de bien vous accompagner lors des grands moments de votre vie.\" \/>\n<meta property=\"og:url\" content=\"https:\/\/notairelarose.com\/\" \/>\n<meta property=\"og:site_name\" content=\"NOTAIRE LAROSE\" \/>\n<meta property=\"article:modified_time\" content=\"2026-01-08T23:00:29+00:00\" \/>\n<meta property=\"og:image\" content=\"http:\/\/notairelarose.com\/wp-content\/uploads\/2024\/06\/221218-Jeanne.jpg\" \/>\n<meta name=\"twitter:card\" content=\"summary_large_image\" \/>\n<meta name=\"twitter:label1\" content=\"Estimation du temps de lecture\" \/>\n\t<meta name=\"twitter:data1\" content=\"1 minute\" \/>\n<script type=\"application\/ld+json\" class=\"yoast-schema-graph\">{\"@context\":\"https:\/\/schema.org\",\"@graph\":[{\"@type\":\"WebPage\",\"@id\":\"https:\/\/notairelarose.com\/\",\"url\":\"https:\/\/notairelarose.com\/\",\"name\":\"Jeanne Larose, notaire\u00a0 en droit des personnes et des successions\",\"isPartOf\":{\"@id\":\"https:\/\/notairelarose.com\/#website\"},\"primaryImageOfPage\":{\"@id\":\"https:\/\/notairelarose.com\/#primaryimage\"},\"image\":{\"@id\":\"https:\/\/notairelarose.com\/#primaryimage\"},\"thumbnailUrl\":\"http:\/\/notairelarose.com\/wp-content\/uploads\/2024\/06\/221218-Jeanne.jpg\",\"datePublished\":\"2024-06-26T17:39:37+00:00\",\"dateModified\":\"2026-01-08T23:00:29+00:00\",\"description\":\"Fond\u00e9e en 1984, notre \u00e9tude se distingue par son approche humaine afin de bien vous accompagner lors des grands moments de votre vie.\",\"breadcrumb\":{\"@id\":\"https:\/\/notairelarose.com\/#breadcrumb\"},\"inLanguage\":\"fr-CA\",\"potentialAction\":[{\"@type\":\"ReadAction\",\"target\":[\"https:\/\/notairelarose.com\/\"]}]},{\"@type\":\"ImageObject\",\"inLanguage\":\"fr-CA\",\"@id\":\"https:\/\/notairelarose.com\/#primaryimage\",\"url\":\"https:\/\/notairelarose.com\/wp-content\/uploads\/2024\/06\/221218-Jeanne.jpg\",\"contentUrl\":\"https:\/\/notairelarose.com\/wp-content\/uploads\/2024\/06\/221218-Jeanne.jpg\",\"width\":688,\"height\":520},{\"@type\":\"BreadcrumbList\",\"@id\":\"https:\/\/notairelarose.com\/#breadcrumb\",\"itemListElement\":[{\"@type\":\"ListItem\",\"position\":1,\"name\":\"Accueil\",\"item\":\"https:\/\/notairelarose.com\/\"},{\"@type\":\"ListItem\",\"position\":2,\"name\":\"Accueil\"}]},{\"@type\":\"WebSite\",\"@id\":\"https:\/\/notairelarose.com\/#website\",\"url\":\"https:\/\/notairelarose.com\/\",\"name\":\"NOTAIRE LAROSE\",\"description\":\"\u00c9tude familiale depuis 1984\",\"publisher\":{\"@id\":\"https:\/\/notairelarose.com\/#organization\"},\"potentialAction\":[{\"@type\":\"SearchAction\",\"target\":{\"@type\":\"EntryPoint\",\"urlTemplate\":\"https:\/\/notairelarose.com\/?s={search_term_string}\"},\"query-input\":{\"@type\":\"PropertyValueSpecification\",\"valueRequired\":true,\"valueName\":\"search_term_string\"}}],\"inLanguage\":\"fr-CA\"},{\"@type\":\"Organization\",\"@id\":\"https:\/\/notairelarose.com\/#organization\",\"name\":\"NOTAIRE LAROSE\",\"url\":\"https:\/\/notairelarose.com\/\",\"logo\":{\"@type\":\"ImageObject\",\"inLanguage\":\"fr-CA\",\"@id\":\"https:\/\/notairelarose.com\/#\/schema\/logo\/image\/\",\"url\":\"https:\/\/notairelarose.com\/wp-content\/uploads\/2017\/10\/cropped-logo-1.jpg\",\"contentUrl\":\"https:\/\/notairelarose.com\/wp-content\/uploads\/2017\/10\/cropped-logo-1.jpg\",\"width\":2000,\"height\":1436,\"caption\":\"NOTAIRE LAROSE\"},\"image\":{\"@id\":\"https:\/\/notairelarose.com\/#\/schema\/logo\/image\/\"}}]}<\/script>\n<!-- \/ Yoast SEO plugin. -->","yoast_head_json":{"title":"Jeanne Larose, notaire\u00a0 en droit des personnes et des successions","description":"Fond\u00e9e en 1984, notre \u00e9tude se distingue par son approche humaine afin de bien vous accompagner lors des grands moments de votre vie.","robots":{"index":"index","follow":"follow","max-snippet":"max-snippet:-1","max-image-preview":"max-image-preview:large","max-video-preview":"max-video-preview:-1"},"canonical":"https:\/\/notairelarose.com\/","og_locale":"fr_CA","og_type":"article","og_title":"Jeanne Larose, notaire\u00a0 en droit des personnes et des successions","og_description":"Fond\u00e9e en 1984, notre \u00e9tude se distingue par son approche humaine afin de bien vous accompagner lors des grands moments de votre vie.","og_url":"https:\/\/notairelarose.com\/","og_site_name":"NOTAIRE LAROSE","article_modified_time":"2026-01-08T23:00:29+00:00","og_image":[{"url":"http:\/\/notairelarose.com\/wp-content\/uploads\/2024\/06\/221218-Jeanne.jpg","type":"","width":"","height":""}],"twitter_card":"summary_large_image","twitter_misc":{"Estimation du temps de lecture":"1 minute"},"schema":{"@context":"https:\/\/schema.org","@graph":[{"@type":"WebPage","@id":"https:\/\/notairelarose.com\/","url":"https:\/\/notairelarose.com\/","name":"Jeanne Larose, notaire\u00a0 en droit des personnes et des successions","isPartOf":{"@id":"https:\/\/notairelarose.com\/#website"},"primaryImageOfPage":{"@id":"https:\/\/notairelarose.com\/#primaryimage"},"image":{"@id":"https:\/\/notairelarose.com\/#primaryimage"},"thumbnailUrl":"http:\/\/notairelarose.com\/wp-content\/uploads\/2024\/06\/221218-Jeanne.jpg","datePublished":"2024-06-26T17:39:37+00:00","dateModified":"2026-01-08T23:00:29+00:00","description":"Fond\u00e9e en 1984, notre \u00e9tude se distingue par son approche humaine afin de bien vous accompagner lors des grands moments de votre vie.","breadcrumb":{"@id":"https:\/\/notairelarose.com\/#breadcrumb"},"inLanguage":"fr-CA","potentialAction":[{"@type":"ReadAction","target":["https:\/\/notairelarose.com\/"]}]},{"@type":"ImageObject","inLanguage":"fr-CA","@id":"https:\/\/notairelarose.com\/#primaryimage","url":"https:\/\/notairelarose.com\/wp-content\/uploads\/2024\/06\/221218-Jeanne.jpg","contentUrl":"https:\/\/notairelarose.com\/wp-content\/uploads\/2024\/06\/221218-Jeanne.jpg","width":688,"height":520},{"@type":"BreadcrumbList","@id":"https:\/\/notairelarose.com\/#breadcrumb","itemListElement":[{"@type":"ListItem","position":1,"name":"Accueil","item":"https:\/\/notairelarose.com\/"},{"@type":"ListItem","position":2,"name":"Accueil"}]},{"@type":"WebSite","@id":"https:\/\/notairelarose.com\/#website","url":"https:\/\/notairelarose.com\/","name":"NOTAIRE LAROSE","description":"\u00c9tude familiale depuis 1984","publisher":{"@id":"https:\/\/notairelarose.com\/#organization"},"potentialAction":[{"@type":"SearchAction","target":{"@type":"EntryPoint","urlTemplate":"https:\/\/notairelarose.com\/?s={search_term_string}"},"query-input":{"@type":"PropertyValueSpecification","valueRequired":true,"valueName":"search_term_string"}}],"inLanguage":"fr-CA"},{"@type":"Organization","@id":"https:\/\/notairelarose.com\/#organization","name":"NOTAIRE LAROSE","url":"https:\/\/notairelarose.com\/","logo":{"@type":"ImageObject","inLanguage":"fr-CA","@id":"https:\/\/notairelarose.com\/#\/schema\/logo\/image\/","url":"https:\/\/notairelarose.com\/wp-content\/uploads\/2017\/10\/cropped-logo-1.jpg","contentUrl":"https:\/\/notairelarose.com\/wp-content\/uploads\/2017\/10\/cropped-logo-1.jpg","width":2000,"height":1436,"caption":"NOTAIRE LAROSE"},"image":{"@id":"https:\/\/notairelarose.com\/#\/schema\/logo\/image\/"}}]}},"_links":{"self":[{"href":"https:\/\/notairelarose.com\/index.php\/wp-json\/wp\/v2\/pages\/304","targetHints":{"allow":["GET"]}}],"collection":[{"href":"https:\/\/notairelarose.com\/index.php\/wp-json\/wp\/v2\/pages"}],"about":[{"href":"https:\/\/notairelarose.com\/index.php\/wp-json\/wp\/v2\/types\/page"}],"author":[{"embeddable":true,"href":"https:\/\/notairelarose.com\/index.php\/wp-json\/wp\/v2\/users\/2"}],"replies":[{"embeddable":true,"href":"https:\/\/notairelarose.com\/index.php\/wp-json\/wp\/v2\/comments?post=304"}],"version-history":[{"count":66,"href":"https:\/\/notairelarose.com\/index.php\/wp-json\/wp\/v2\/pages\/304\/revisions"}],"predecessor-version":[{"id":448,"href":"https:\/\/notairelarose.com\/index.php\/wp-json\/wp\/v2\/pages\/304\/revisions\/448"}],"wp:attachment":[{"href":"https:\/\/notairelarose.com\/index.php\/wp-json\/wp\/v2\/media?parent=304"}],"curies":[{"name":"wp","href":"https:\/\/api.w.org\/{rel}","templated":true}]}}